{"id":1755,"date":"2025-06-30T14:45:30","date_gmt":"2025-06-30T12:45:30","guid":{"rendered":"https:\/\/missionlocale-chateauroux.org\/?page_id=1755"},"modified":"2025-06-30T15:20:34","modified_gmt":"2025-06-30T13:20:34","slug":"financementue","status":"publish","type":"page","link":"https:\/\/missionlocale-chateauroux.org\/index.php\/financementue\/","title":{"rendered":"Co-financ\u00e9 par l&#8217;Union Europ\u00e9enne"},"content":{"rendered":"\t\t<div data-elementor-type=\"wp-page\" data-elementor-id=\"1755\" class=\"elementor elementor-1755\">\n\t\t\t\t<div class=\"elementor-element elementor-element-7c0bc518 e-flex e-con-boxed e-con e-parent\" data-id=\"7c0bc518\" data-element_type=\"container\">\n\t\t\t\t\t<div class=\"e-con-inner\">\n\t\t\t\t<div class=\"elementor-element elementor-element-2d487927 elementor-widget elementor-widget-heading\" data-id=\"2d487927\" data-element_type=\"widget\" data-widget_type=\"heading.default\">\n\t\t\t\t<div class=\"elementor-widget-container\">\n\t\t\t<h2 class=\"elementor-heading-title elementor-size-default\">Remobiliser les publics ruraux<\/h2>\t\t<\/div>\n\t\t\t\t<\/div>\n\t\t\t\t<div class=\"elementor-element elementor-element-2505091e elementor-widget elementor-widget-text-editor\" data-id=\"2505091e\" data-element_type=\"widget\" data-widget_type=\"text-editor.default\">\n\t\t\t\t<div class=\"elementor-widget-container\">\n\t\t\t\t\t\t\t<p>les plus vuln\u00e9rables<\/p>\t\t\t\t\t\t<\/div>\n\t\t\t\t<\/div>\n\t\t<div class=\"elementor-element elementor-element-19f7ee0a e-con-full e-flex e-con e-child\" data-id=\"19f7ee0a\" data-element_type=\"container\" data-settings=\"{&quot;background_background&quot;:&quot;classic&quot;}\">\n\t\t<div class=\"elementor-element elementor-element-1e686bdb e-grid e-con-full e-con e-child\" data-id=\"1e686bdb\" data-element_type=\"container\">\n\t\t<div class=\"elementor-element elementor-element-3fd87ba7 e-con-full e-flex e-con e-child\" data-id=\"3fd87ba7\" data-element_type=\"container\">\n\t\t\t\t<div class=\"elementor-element elementor-element-b3103a9 elementor-widget elementor-widget-heading\" data-id=\"b3103a9\" data-element_type=\"widget\" data-widget_type=\"heading.default\">\n\t\t\t\t<div class=\"elementor-widget-container\">\n\t\t\t<h2 class=\"elementor-heading-title elementor-size-default\">Pour les partenaires<\/h2>\t\t<\/div>\n\t\t\t\t<\/div>\n\t\t\t\t<div class=\"elementor-element elementor-element-5a798ed5 elementor-widget elementor-widget-image\" data-id=\"5a798ed5\" data-element_type=\"widget\" data-widget_type=\"image.default\">\n\t\t\t\t<div class=\"elementor-widget-container\">\n\t\t\t\t\t\t\t\t\t\t\t\t\t\t<a href=\"http:\/\/missionlocale-chateauroux.org\/wp-content\/uploads\/2025\/06\/00-Flyer-FSE-148x210-1.pdf\" target=\"_blank\">\n\t\t\t\t\t\t\t<img fetchpriority=\"high\" decoding=\"async\" width=\"722\" height=\"1024\" src=\"https:\/\/missionlocale-chateauroux.org\/wp-content\/uploads\/2025\/06\/00-Flyer-FSE-148x210-1-722x1024.jpg\" class=\"attachment-large size-large wp-image-1757\" alt=\"\" srcset=\"https:\/\/missionlocale-chateauroux.org\/wp-content\/uploads\/2025\/06\/00-Flyer-FSE-148x210-1-722x1024.jpg 722w, https:\/\/missionlocale-chateauroux.org\/wp-content\/uploads\/2025\/06\/00-Flyer-FSE-148x210-1-212x300.jpg 212w, https:\/\/missionlocale-chateauroux.org\/wp-content\/uploads\/2025\/06\/00-Flyer-FSE-148x210-1-768x1089.jpg 768w, https:\/\/missionlocale-chateauroux.org\/wp-content\/uploads\/2025\/06\/00-Flyer-FSE-148x210-1-600x851.jpg 600w, https:\/\/missionlocale-chateauroux.org\/wp-content\/uploads\/2025\/06\/00-Flyer-FSE-148x210-1.jpg 870w\" sizes=\"(max-width: 722px) 100vw, 722px\" \/>\t\t\t\t\t\t\t\t<\/a>\n\t\t\t\t\t\t\t\t\t\t\t\t\t<\/div>\n\t\t\t\t<\/div>\n\t\t\t\t<\/div>\n\t\t<div class=\"elementor-element elementor-element-2e13cf4d e-con-full e-flex e-con e-child\" data-id=\"2e13cf4d\" data-element_type=\"container\">\n\t\t\t\t<div class=\"elementor-element elementor-element-634592b7 elementor-widget elementor-widget-heading\" data-id=\"634592b7\" data-element_type=\"widget\" data-widget_type=\"heading.default\">\n\t\t\t\t<div class=\"elementor-widget-container\">\n\t\t\t<h2 class=\"elementor-heading-title elementor-size-default\">A travers des actions de rep\u00e9rage et de remobilisation (chantiers \u00e9ducatifs, ateliers, ...), permettre aux jeunes des territoires ruraux couverts par la Mission Locale de Ch\u00e2teauroux de raccrocher un parcours d\u2019insertion sociale et professionnelle.<\/h2>\t\t<\/div>\n\t\t\t\t<\/div>\n\t\t\t\t<div class=\"elementor-element elementor-element-28e6975 elementor-widget elementor-widget-image\" data-id=\"28e6975\" data-element_type=\"widget\" data-widget_type=\"image.default\">\n\t\t\t\t<div class=\"elementor-widget-container\">\n\t\t\t\t\t\t\t\t\t\t\t\t\t<img decoding=\"async\" width=\"783\" height=\"490\" src=\"https:\/\/missionlocale-chateauroux.org\/wp-content\/uploads\/2025\/06\/Cofinance-par-l-Union-europeenne-2.png\" class=\"attachment-large size-large wp-image-1737\" alt=\"\" srcset=\"https:\/\/missionlocale-chateauroux.org\/wp-content\/uploads\/2025\/06\/Cofinance-par-l-Union-europeenne-2.png 783w, https:\/\/missionlocale-chateauroux.org\/wp-content\/uploads\/2025\/06\/Cofinance-par-l-Union-europeenne-2-300x188.png 300w, https:\/\/missionlocale-chateauroux.org\/wp-content\/uploads\/2025\/06\/Cofinance-par-l-Union-europeenne-2-768x481.png 768w, https:\/\/missionlocale-chateauroux.org\/wp-content\/uploads\/2025\/06\/Cofinance-par-l-Union-europeenne-2-600x375.png 600w\" sizes=\"(max-width: 783px) 100vw, 783px\" \/>\t\t\t\t\t\t\t\t\t\t\t\t\t<\/div>\n\t\t\t\t<\/div>\n\t\t\t\t<\/div>\n\t\t<div class=\"elementor-element elementor-element-7b58b576 e-con-full e-flex e-con e-child\" data-id=\"7b58b576\" data-element_type=\"container\">\n\t\t\t\t<div class=\"elementor-element elementor-element-3f5a39b elementor-widget elementor-widget-heading\" data-id=\"3f5a39b\" data-element_type=\"widget\" data-widget_type=\"heading.default\">\n\t\t\t\t<div class=\"elementor-widget-container\">\n\t\t\t<h2 class=\"elementor-heading-title elementor-size-default\">Pour le public<\/h2>\t\t<\/div>\n\t\t\t\t<\/div>\n\t\t\t\t<div class=\"elementor-element elementor-element-4c04e869 elementor-widget elementor-widget-image\" data-id=\"4c04e869\" data-element_type=\"widget\" data-widget_type=\"image.default\">\n\t\t\t\t<div class=\"elementor-widget-container\">\n\t\t\t\t\t\t\t\t\t\t\t\t\t\t<a href=\"http:\/\/missionlocale-chateauroux.org\/wp-content\/uploads\/2025\/06\/00-Flyer-FSE2024-148x210-1.pdf\" target=\"_blank\">\n\t\t\t\t\t\t\t<img decoding=\"async\" width=\"722\" height=\"1024\" src=\"https:\/\/missionlocale-chateauroux.org\/wp-content\/uploads\/2025\/06\/00-Flyer-FSE2024-148x210-1-722x1024.jpg\" class=\"attachment-large size-large wp-image-1758\" alt=\"\" srcset=\"https:\/\/missionlocale-chateauroux.org\/wp-content\/uploads\/2025\/06\/00-Flyer-FSE2024-148x210-1-722x1024.jpg 722w, https:\/\/missionlocale-chateauroux.org\/wp-content\/uploads\/2025\/06\/00-Flyer-FSE2024-148x210-1-212x300.jpg 212w, https:\/\/missionlocale-chateauroux.org\/wp-content\/uploads\/2025\/06\/00-Flyer-FSE2024-148x210-1-768x1089.jpg 768w, https:\/\/missionlocale-chateauroux.org\/wp-content\/uploads\/2025\/06\/00-Flyer-FSE2024-148x210-1-600x851.jpg 600w, https:\/\/missionlocale-chateauroux.org\/wp-content\/uploads\/2025\/06\/00-Flyer-FSE2024-148x210-1.jpg 870w\" sizes=\"(max-width: 722px) 100vw, 722px\" \/>\t\t\t\t\t\t\t\t<\/a>\n\t\t\t\t\t\t\t\t\t\t\t\t\t<\/div>\n\t\t\t\t<\/div>\n\t\t\t\t<\/div>\n\t\t\t\t<\/div>\n\t\t\t\t<\/div>\n\t\t\t\t\t<\/div>\n\t\t\t\t<\/div>\n\t\t<div class=\"elementor-element elementor-element-4a88fc56 e-flex e-con-boxed e-con e-parent\" data-id=\"4a88fc56\" data-element_type=\"container\">\n\t\t\t\t\t<div class=\"e-con-inner\">\n\t\t\t\t<div class=\"elementor-element elementor-element-7b4627b0 elementor-align-center elementor-widget elementor-widget-button\" data-id=\"7b4627b0\" data-element_type=\"widget\" data-widget_type=\"button.default\">\n\t\t\t\t<div class=\"elementor-widget-container\">\n\t\t\t\t\t\t\t<div class=\"elementor-button-wrapper\">\n\t\t\t\t\t<a class=\"elementor-button elementor-button-link elementor-size-sm\" href=\"https:\/\/missionlocale-chateauroux.org\/index.php\/notre-offre-de-service\/\">\n\t\t\t\t\t\t<span class=\"elementor-button-content-wrapper\">\n\t\t\t\t\t\t<span class=\"elementor-button-icon\">\n\t\t\t\t<svg aria-hidden=\"true\" class=\"e-font-icon-svg e-fas-undo\" viewBox=\"0 0 512 512\" xmlns=\"http:\/\/www.w3.org\/2000\/svg\"><path d=\"M212.333 224.333H12c-6.627 0-12-5.373-12-12V12C0 5.373 5.373 0 12 0h48c6.627 0 12 5.373 12 12v78.112C117.773 39.279 184.26 7.47 258.175 8.007c136.906.994 246.448 111.623 246.157 248.532C504.041 393.258 393.12 504 256.333 504c-64.089 0-122.496-24.313-166.51-64.215-5.099-4.622-5.334-12.554-.467-17.42l33.967-33.967c4.474-4.474 11.662-4.717 16.401-.525C170.76 415.336 211.58 432 256.333 432c97.268 0 176-78.716 176-176 0-97.267-78.716-176-176-176-58.496 0-110.28 28.476-142.274 72.333h98.274c6.627 0 12 5.373 12 12v48c0 6.627-5.373 12-12 12z\"><\/path><\/svg>\t\t\t<\/span>\n\t\t\t\t\t\t\t\t\t<span class=\"elementor-button-text\">Retour Page Nos services<\/span>\n\t\t\t\t\t<\/span>\n\t\t\t\t\t<\/a>\n\t\t\t\t<\/div>\n\t\t\t\t\t\t<\/div>\n\t\t\t\t<\/div>\n\t\t\t\t\t<\/div>\n\t\t\t\t<\/div>\n\t\t\t\t<\/div>\n\t\t","protected":false},"excerpt":{"rendered":"<p>Remobiliser les publics ruraux les plus vuln\u00e9rables Pour les partenaires A travers des actions de rep\u00e9rage et de remobilisation (chantiers \u00e9ducatifs, ateliers, &#8230;), permettre aux jeunes des territoires ruraux couverts par la Mission Locale de Ch\u00e2teauroux de raccrocher un parcours d\u2019insertion sociale et professionnelle. Pour le public Retour Page Nos services<\/p>\n","protected":false},"author":1,"featured_media":0,"parent":0,"menu_order":0,"comment_status":"closed","ping_status":"closed","template":"elementor_header_footer","meta":{"_monsterinsights_skip_tracking":false,"_monsterinsights_sitenote_active":false,"_monsterinsights_sitenote_note":"","_monsterinsights_sitenote_category":0,"footnotes":""},"class_list":["post-1755","page","type-page","status-publish","hentry"],"aioseo_notices":[],"_links":{"self":[{"href":"https:\/\/missionlocale-chateauroux.org\/index.php\/wp-json\/wp\/v2\/pages\/1755","targetHints":{"allow":["GET"]}}],"collection":[{"href":"https:\/\/missionlocale-chateauroux.org\/index.php\/wp-json\/wp\/v2\/pages"}],"about":[{"href":"https:\/\/missionlocale-chateauroux.org\/index.php\/wp-json\/wp\/v2\/types\/page"}],"author":[{"embeddable":true,"href":"https:\/\/missionlocale-chateauroux.org\/index.php\/wp-json\/wp\/v2\/users\/1"}],"replies":[{"embeddable":true,"href":"https:\/\/missionlocale-chateauroux.org\/index.php\/wp-json\/wp\/v2\/comments?post=1755"}],"version-history":[{"count":10,"href":"https:\/\/missionlocale-chateauroux.org\/index.php\/wp-json\/wp\/v2\/pages\/1755\/revisions"}],"predecessor-version":[{"id":1781,"href":"https:\/\/missionlocale-chateauroux.org\/index.php\/wp-json\/wp\/v2\/pages\/1755\/revisions\/1781"}],"wp:attachment":[{"href":"https:\/\/missionlocale-chateauroux.org\/index.php\/wp-json\/wp\/v2\/media?parent=1755"}],"curies":[{"name":"wp","href":"https:\/\/api.w.org\/{rel}","templated":true}]}}