{"id":1596,"date":"2024-12-20T17:59:25","date_gmt":"2024-12-20T16:59:25","guid":{"rendered":"https:\/\/missionlocale-chateauroux.org\/?page_id=1596"},"modified":"2024-12-23T10:14:30","modified_gmt":"2024-12-23T09:14:30","slug":"operations-de-recrutement","status":"publish","type":"page","link":"https:\/\/missionlocale-chateauroux.org\/index.php\/operations-de-recrutement\/","title":{"rendered":"Op\u00e9rations de recrutement"},"content":{"rendered":"\t\t<div data-elementor-type=\"wp-page\" data-elementor-id=\"1596\" class=\"elementor elementor-1596\">\n\t\t\t\t<div class=\"elementor-element elementor-element-3a7fb0c3 e-flex e-con-boxed e-con e-parent\" data-id=\"3a7fb0c3\" data-element_type=\"container\">\n\t\t\t\t\t<div class=\"e-con-inner\">\n\t\t\t\t<div class=\"elementor-element elementor-element-48252d65 elementor-widget elementor-widget-heading\" data-id=\"48252d65\" data-element_type=\"widget\" data-widget_type=\"heading.default\">\n\t\t\t\t<div class=\"elementor-widget-container\">\n\t\t\t<h2 class=\"elementor-heading-title elementor-size-default\">Accompagner les jeunes vers l'emploi en organisant des<\/h2>\t\t<\/div>\n\t\t\t\t<\/div>\n\t\t\t\t<div class=\"elementor-element elementor-element-59150a81 elementor-widget elementor-widget-heading\" data-id=\"59150a81\" data-element_type=\"widget\" data-widget_type=\"heading.default\">\n\t\t\t\t<div class=\"elementor-widget-container\">\n\t\t\t<h2 class=\"elementor-heading-title elementor-size-default\">Op\u00e9rations de recrutement<\/h2>\t\t<\/div>\n\t\t\t\t<\/div>\n\t\t\t\t<div class=\"elementor-element elementor-element-d45b8f5 elementor-widget elementor-widget-text-editor\" data-id=\"d45b8f5\" data-element_type=\"widget\" data-widget_type=\"text-editor.default\">\n\t\t\t\t<div class=\"elementor-widget-container\">\n\t\t\t\t\t\t\t<p><strong>sous diff\u00e9rentes formes (jobs dating,<span class=\"Apple-converted-space\">\u00a0\u00a0<\/span>forums, etc\u2026)<\/strong><\/p>\t\t\t\t\t\t<\/div>\n\t\t\t\t<\/div>\n\t\t<div class=\"elementor-element elementor-element-2c49f378 e-con-full e-flex e-con e-child\" data-id=\"2c49f378\" data-element_type=\"container\" data-settings=\"{&quot;background_background&quot;:&quot;classic&quot;}\">\n\t\t<div class=\"elementor-element elementor-element-2dd13bde e-grid e-con-full e-con e-child\" data-id=\"2dd13bde\" data-element_type=\"container\">\n\t\t<div class=\"elementor-element elementor-element-2af9421 e-con-full e-flex e-con e-child\" data-id=\"2af9421\" data-element_type=\"container\">\n\t\t\t\t<div class=\"elementor-element elementor-element-59371405 elementor-widget elementor-widget-image\" data-id=\"59371405\" data-element_type=\"widget\" data-widget_type=\"image.default\">\n\t\t\t\t<div class=\"elementor-widget-container\">\n\t\t\t\t\t\t\t\t\t\t\t\t\t\t<a href=\"https:\/\/missionlocale-chateauroux.org\/wp-content\/uploads\/2024\/11\/EMPLOI.pdf\" target=\"_blank\">\n\t\t\t\t\t\t\t<img fetchpriority=\"high\" decoding=\"async\" width=\"721\" height=\"1024\" src=\"https:\/\/missionlocale-chateauroux.org\/wp-content\/uploads\/2024\/11\/00-Flyer-A5-Emploi-Jeunes-721x1024.jpg\" class=\"attachment-large size-large wp-image-1204\" alt=\"\" srcset=\"https:\/\/missionlocale-chateauroux.org\/wp-content\/uploads\/2024\/11\/00-Flyer-A5-Emploi-Jeunes-721x1024.jpg 721w, https:\/\/missionlocale-chateauroux.org\/wp-content\/uploads\/2024\/11\/00-Flyer-A5-Emploi-Jeunes-211x300.jpg 211w, https:\/\/missionlocale-chateauroux.org\/wp-content\/uploads\/2024\/11\/00-Flyer-A5-Emploi-Jeunes-768x1091.jpg 768w, https:\/\/missionlocale-chateauroux.org\/wp-content\/uploads\/2024\/11\/00-Flyer-A5-Emploi-Jeunes-600x852.jpg 600w, https:\/\/missionlocale-chateauroux.org\/wp-content\/uploads\/2024\/11\/00-Flyer-A5-Emploi-Jeunes.jpg 870w\" sizes=\"(max-width: 721px) 100vw, 721px\" \/>\t\t\t\t\t\t\t\t<\/a>\n\t\t\t\t\t\t\t\t\t\t\t\t\t<\/div>\n\t\t\t\t<\/div>\n\t\t\t\t<\/div>\n\t\t<div class=\"elementor-element elementor-element-5cdb2906 e-con-full e-flex e-con e-child\" data-id=\"5cdb2906\" data-element_type=\"container\">\n\t\t\t\t<div class=\"elementor-element elementor-element-1476c32c elementor-widget elementor-widget-heading\" data-id=\"1476c32c\" data-element_type=\"widget\" data-widget_type=\"heading.default\">\n\t\t\t\t<div class=\"elementor-widget-container\">\n\t\t\t<h2 class=\"elementor-heading-title elementor-size-default\">La Mission Locale propose toute l\u2019ann\u00e9e des op\u00e9rations de recrutements chez des employeurs, dans les galeries commerciales des grandes surfaces, \u00e0 la Mission locale ou dans le cadre de forums ou salons qu\u2019elle organise.<\/h2>\t\t<\/div>\n\t\t\t\t<\/div>\n\t\t\t\t<div class=\"elementor-element elementor-element-e0b64a6 elementor-widget elementor-widget-image\" data-id=\"e0b64a6\" data-element_type=\"widget\" data-widget_type=\"image.default\">\n\t\t\t\t<div class=\"elementor-widget-container\">\n\t\t\t\t\t\t\t\t\t\t\t\t\t<img decoding=\"async\" width=\"1024\" height=\"770\" src=\"https:\/\/missionlocale-chateauroux.org\/wp-content\/uploads\/2024\/12\/IMG_20240529_161456_999-1024x770.jpg\" class=\"attachment-large size-large wp-image-1601\" alt=\"\" srcset=\"https:\/\/missionlocale-chateauroux.org\/wp-content\/uploads\/2024\/12\/IMG_20240529_161456_999-1024x770.jpg 1024w, https:\/\/missionlocale-chateauroux.org\/wp-content\/uploads\/2024\/12\/IMG_20240529_161456_999-300x226.jpg 300w, https:\/\/missionlocale-chateauroux.org\/wp-content\/uploads\/2024\/12\/IMG_20240529_161456_999-768x577.jpg 768w, https:\/\/missionlocale-chateauroux.org\/wp-content\/uploads\/2024\/12\/IMG_20240529_161456_999-600x451.jpg 600w, https:\/\/missionlocale-chateauroux.org\/wp-content\/uploads\/2024\/12\/IMG_20240529_161456_999.jpg 1080w\" sizes=\"(max-width: 1024px) 100vw, 1024px\" \/>\t\t\t\t\t\t\t\t\t\t\t\t\t<\/div>\n\t\t\t\t<\/div>\n\t\t\t\t<div class=\"elementor-element elementor-element-253a9600 elementor-widget elementor-widget-button\" data-id=\"253a9600\" data-element_type=\"widget\" data-widget_type=\"button.default\">\n\t\t\t\t<div class=\"elementor-widget-container\">\n\t\t\t\t\t\t\t<div class=\"elementor-button-wrapper\">\n\t\t\t\t\t<a class=\"elementor-button elementor-button-link elementor-size-sm\" href=\"https:\/\/missionlocale-chateauroux.org\/index.php\/les-parcours-daccompagnement-renforce\/\">\n\t\t\t\t\t\t<span class=\"elementor-button-content-wrapper\">\n\t\t\t\t\t\t\t\t\t<span class=\"elementor-button-text\">Cliquez ici pour d\u00e9couvrir les parcours d'accompagnement renforc\u00e9s<\/span>\n\t\t\t\t\t<\/span>\n\t\t\t\t\t<\/a>\n\t\t\t\t<\/div>\n\t\t\t\t\t\t<\/div>\n\t\t\t\t<\/div>\n\t\t\t\t<\/div>\n\t\t<div class=\"elementor-element elementor-element-40144cd e-con-full e-flex e-con e-child\" data-id=\"40144cd\" data-element_type=\"container\">\n\t\t\t\t<div class=\"elementor-element elementor-element-478883da elementor-widget elementor-widget-image\" data-id=\"478883da\" data-element_type=\"widget\" data-widget_type=\"image.default\">\n\t\t\t\t<div class=\"elementor-widget-container\">\n\t\t\t\t\t\t\t\t\t\t\t\t\t\t<a href=\"https:\/\/missionlocale-chateauroux.org\/wp-content\/uploads\/2024\/11\/FORMATION.pdf\" target=\"_blank\">\n\t\t\t\t\t\t\t<img decoding=\"async\" width=\"721\" height=\"1024\" src=\"https:\/\/missionlocale-chateauroux.org\/wp-content\/uploads\/2024\/11\/00-Flyer-A5-Formation-721x1024.jpg\" class=\"attachment-large size-large wp-image-1205\" alt=\"\" srcset=\"https:\/\/missionlocale-chateauroux.org\/wp-content\/uploads\/2024\/11\/00-Flyer-A5-Formation-721x1024.jpg 721w, https:\/\/missionlocale-chateauroux.org\/wp-content\/uploads\/2024\/11\/00-Flyer-A5-Formation-211x300.jpg 211w, https:\/\/missionlocale-chateauroux.org\/wp-content\/uploads\/2024\/11\/00-Flyer-A5-Formation-768x1091.jpg 768w, https:\/\/missionlocale-chateauroux.org\/wp-content\/uploads\/2024\/11\/00-Flyer-A5-Formation-600x852.jpg 600w, https:\/\/missionlocale-chateauroux.org\/wp-content\/uploads\/2024\/11\/00-Flyer-A5-Formation.jpg 870w\" sizes=\"(max-width: 721px) 100vw, 721px\" \/>\t\t\t\t\t\t\t\t<\/a>\n\t\t\t\t\t\t\t\t\t\t\t\t\t<\/div>\n\t\t\t\t<\/div>\n\t\t\t\t<\/div>\n\t\t\t\t<\/div>\n\t\t\t\t<\/div>\n\t\t\t\t\t<\/div>\n\t\t\t\t<\/div>\n\t\t<div class=\"elementor-element elementor-element-611d2dd e-flex e-con-boxed e-con e-parent\" data-id=\"611d2dd\" data-element_type=\"container\" data-settings=\"{&quot;background_background&quot;:&quot;classic&quot;}\">\n\t\t\t\t\t<div class=\"e-con-inner\">\n\t\t<div class=\"elementor-element elementor-element-82bafc1 e-grid e-con-full e-con e-child\" data-id=\"82bafc1\" data-element_type=\"container\">\n\t\t\t\t<div class=\"elementor-element elementor-element-2070368 elementor-widget elementor-widget-video\" data-id=\"2070368\" data-element_type=\"widget\" data-settings=\"{&quot;youtube_url&quot;:&quot;https:\\\/\\\/youtu.be\\\/Je-uKXki1GM?si=tl-02keTo5WXzsf4&quot;,&quot;video_type&quot;:&quot;youtube&quot;,&quot;controls&quot;:&quot;yes&quot;}\" data-widget_type=\"video.default\">\n\t\t\t\t<div class=\"elementor-widget-container\">\n\t\t\t\t\t<div class=\"elementor-wrapper elementor-open-inline\">\n\t\t\t<div class=\"elementor-video\"><\/div>\t\t<\/div>\n\t\t\t\t<\/div>\n\t\t\t\t<\/div>\n\t\t\t\t<div class=\"elementor-element elementor-element-d9fc116 elementor-widget elementor-widget-video\" data-id=\"d9fc116\" data-element_type=\"widget\" data-settings=\"{&quot;youtube_url&quot;:&quot;https:\\\/\\\/youtu.be\\\/jHuxYv1w_Vw?si=jSif79xylXja7hEN&quot;,&quot;video_type&quot;:&quot;youtube&quot;,&quot;controls&quot;:&quot;yes&quot;}\" data-widget_type=\"video.default\">\n\t\t\t\t<div class=\"elementor-widget-container\">\n\t\t\t\t\t<div class=\"elementor-wrapper elementor-open-inline\">\n\t\t\t<div class=\"elementor-video\"><\/div>\t\t<\/div>\n\t\t\t\t<\/div>\n\t\t\t\t<\/div>\n\t\t\t\t<\/div>\n\t\t\t\t\t<\/div>\n\t\t\t\t<\/div>\n\t\t<div class=\"elementor-element elementor-element-914d3f6 e-flex e-con-boxed e-con e-parent\" data-id=\"914d3f6\" data-element_type=\"container\">\n\t\t\t\t\t<div class=\"e-con-inner\">\n\t\t\t\t<div class=\"elementor-element elementor-element-8419c6c elementor-widget elementor-widget-heading\" data-id=\"8419c6c\" data-element_type=\"widget\" data-widget_type=\"heading.default\">\n\t\t\t\t<div class=\"elementor-widget-container\">\n\t\t\t<h3 class=\"elementor-heading-title elementor-size-default\">Vous voulez d\u00e9poser<br>une offre d'emploi ? <\/h3>\t\t<\/div>\n\t\t\t\t<\/div>\n\t\t\t\t<div class=\"elementor-element elementor-element-0583bc5 elementor-widget elementor-widget-wpforms\" data-id=\"0583bc5\" data-element_type=\"widget\" data-widget_type=\"wpforms.default\">\n\t\t\t\t<div class=\"elementor-widget-container\">\n\t\t\t<style id=\"wpforms-css-vars-root\">\n\t\t\t\t:root {\n\t\t\t\t\t--wpforms-field-border-radius: 3px;\n--wpforms-field-border-style: solid;\n--wpforms-field-border-size: 1px;\n--wpforms-field-background-color: #ffffff;\n--wpforms-field-border-color: rgba( 0, 0, 0, 0.25 );\n--wpforms-field-border-color-spare: rgba( 0, 0, 0, 0.25 );\n--wpforms-field-text-color: rgba( 0, 0, 0, 0.7 );\n--wpforms-field-menu-color: #ffffff;\n--wpforms-label-color: rgba( 0, 0, 0, 0.85 );\n--wpforms-label-sublabel-color: rgba( 0, 0, 0, 0.55 );\n--wpforms-label-error-color: #d63637;\n--wpforms-button-border-radius: 3px;\n--wpforms-button-border-style: none;\n--wpforms-button-border-size: 1px;\n--wpforms-button-background-color: #066aab;\n--wpforms-button-border-color: #066aab;\n--wpforms-button-text-color: #ffffff;\n--wpforms-page-break-color: #066aab;\n--wpforms-background-image: none;\n--wpforms-background-position: center center;\n--wpforms-background-repeat: no-repeat;\n--wpforms-background-size: cover;\n--wpforms-background-width: 100px;\n--wpforms-background-height: 100px;\n--wpforms-background-color: rgba( 0, 0, 0, 0 );\n--wpforms-background-url: none;\n--wpforms-container-padding: 0px;\n--wpforms-container-border-style: none;\n--wpforms-container-border-width: 1px;\n--wpforms-container-border-color: #000000;\n--wpforms-container-border-radius: 3px;\n--wpforms-field-size-input-height: 43px;\n--wpforms-field-size-input-spacing: 15px;\n--wpforms-field-size-font-size: 16px;\n--wpforms-field-size-line-height: 19px;\n--wpforms-field-size-padding-h: 14px;\n--wpforms-field-size-checkbox-size: 16px;\n--wpforms-field-size-sublabel-spacing: 5px;\n--wpforms-field-size-icon-size: 1;\n--wpforms-label-size-font-size: 16px;\n--wpforms-label-size-line-height: 19px;\n--wpforms-label-size-sublabel-font-size: 14px;\n--wpforms-label-size-sublabel-line-height: 17px;\n--wpforms-button-size-font-size: 17px;\n--wpforms-button-size-height: 41px;\n--wpforms-button-size-padding-h: 15px;\n--wpforms-button-size-margin-top: 10px;\n--wpforms-container-shadow-size-box-shadow: none;\n\n\t\t\t\t}\n\t\t\t<\/style><style id=\"wpforms-css-vars-elementor-widget-0583bc5\">\n\t\t\t\t.elementor-widget-wpforms.elementor-element-0583bc5 {\n\t\t\t\t\t--wpforms-field-size-input-height: 43px;\n--wpforms-field-size-input-spacing: 15px;\n--wpforms-field-size-font-size: 16px;\n--wpforms-field-size-line-height: 19px;\n--wpforms-field-size-padding-h: 14px;\n--wpforms-field-size-checkbox-size: 16px;\n--wpforms-field-size-sublabel-spacing: 5px;\n--wpforms-field-size-icon-size: 1;\n--wpforms-label-size-font-size: 16px;\n--wpforms-label-size-line-height: 19px;\n--wpforms-label-size-sublabel-font-size: 14px;\n--wpforms-label-size-sublabel-line-height: 17px;\n--wpforms-button-size-font-size: 17px;\n--wpforms-button-size-height: 41px;\n--wpforms-button-size-padding-h: 15px;\n--wpforms-button-size-margin-top: 10px;\n\n\t\t\t\t}\n\t\t\t<\/style><div class=\"wpforms-container wpforms-container-full wpforms-render-modern\" id=\"wpforms-1609\"><form id=\"wpforms-form-1609\" class=\"wpforms-validate wpforms-form wpforms-ajax-form\" data-formid=\"1609\" method=\"post\" enctype=\"multipart\/form-data\" action=\"\/index.php\/wp-json\/wp\/v2\/pages\/1596\" data-token=\"476f39ac8e14a7a6b630be1378d5e9cb\" data-token-time=\"1777499196\"><noscript class=\"wpforms-error-noscript\">Please enable JavaScript in your browser to complete this form.<\/noscript><div class=\"wpforms-hidden\" id=\"wpforms-error-noscript\">Please enable JavaScript in your browser to complete this form.<\/div><div class=\"wpforms-field-container\"><div id=\"wpforms-1609-field_5-container\" class=\"wpforms-field wpforms-field-name\" data-field-id=\"5\"><label class=\"wpforms-field-label\" for=\"wpforms-1609-field_5\">Nom de l&#039;Entreprise <span class=\"wpforms-required-label\" aria-hidden=\"true\">*<\/span><\/label><input type=\"text\" id=\"wpforms-1609-field_5\" class=\"wpforms-field-medium wpforms-field-required\" name=\"wpforms[fields][5]\" aria-errormessage=\"wpforms-1609-field_5-error\" required><\/div><div id=\"wpforms-1609-field_6-container\" class=\"wpforms-field wpforms-field-text\" data-field-id=\"6\"><label class=\"wpforms-field-label\" for=\"wpforms-1609-field_6\">Ville <span class=\"wpforms-required-label\" aria-hidden=\"true\">*<\/span><\/label><input type=\"text\" id=\"wpforms-1609-field_6\" class=\"wpforms-field-medium wpforms-field-required\" name=\"wpforms[fields][6]\" aria-errormessage=\"wpforms-1609-field_6-error\" required><\/div><div id=\"wpforms-1609-field_7-container\" class=\"wpforms-field wpforms-field-select wpforms-field-select-style-classic\" data-field-id=\"7\"><label class=\"wpforms-field-label\" for=\"wpforms-1609-field_7\">Nature de l&#039;offre d&#039;emploi <span class=\"wpforms-required-label\" aria-hidden=\"true\">*<\/span><\/label><select id=\"wpforms-1609-field_7\" class=\"wpforms-field-medium wpforms-field-required\" name=\"wpforms[fields][7]\" required=\"required\"><option value=\"CDI\" >CDI<\/option><option value=\"CDD\" >CDD<\/option><option value=\"Int\u00e9rim\" >Int\u00e9rim<\/option><option value=\"Contrat d&#039;apprentissage\" >Contrat d&#039;apprentissage<\/option><option value=\"Job d&#039;\u00e9t\u00e9\" >Job d&#039;\u00e9t\u00e9<\/option><\/select><\/div><div id=\"wpforms-1609-field_8-container\" class=\"wpforms-field wpforms-field-text\" data-field-id=\"8\"><label class=\"wpforms-field-label\" for=\"wpforms-1609-field_8\">Poste propos\u00e9 <span class=\"wpforms-required-label\" aria-hidden=\"true\">*<\/span><\/label><input type=\"text\" id=\"wpforms-1609-field_8\" class=\"wpforms-field-medium wpforms-field-required\" name=\"wpforms[fields][8]\" aria-errormessage=\"wpforms-1609-field_8-error\" required><\/div><div id=\"wpforms-1609-field_9-container\" class=\"wpforms-field wpforms-field-text\" data-field-id=\"9\"><label class=\"wpforms-field-label\" for=\"wpforms-1609-field_9\">Dates du contrat <span class=\"wpforms-required-label\" aria-hidden=\"true\">*<\/span><\/label><input type=\"text\" id=\"wpforms-1609-field_9\" class=\"wpforms-field-medium wpforms-field-required\" name=\"wpforms[fields][9]\" aria-errormessage=\"wpforms-1609-field_9-error\" required><\/div><div id=\"wpforms-1609-field_11-container\" class=\"wpforms-field wpforms-field-radio\" data-field-id=\"11\"><fieldset><legend class=\"wpforms-field-label\">Votre demande aupr\u00e8s de la Mission Locale <span class=\"wpforms-required-label\" aria-hidden=\"true\">*<\/span><\/legend><ul id=\"wpforms-1609-field_11\" class=\"wpforms-field-required\"><li class=\"choice-1 depth-1\"><input type=\"radio\" id=\"wpforms-1609-field_11_1\" name=\"wpforms[fields][11]\" value=\"diffusion de votre offre d\u2019emploi aupr\u00e8s des jeunes de la ML et sur nos r\u00e9seaux sociaux\" aria-errormessage=\"wpforms-1609-field_11_1-error\" required ><label class=\"wpforms-field-label-inline\" for=\"wpforms-1609-field_11_1\">diffusion de votre offre d\u2019emploi aupr\u00e8s des jeunes de la ML et sur nos r\u00e9seaux sociaux<\/label><\/li><li class=\"choice-2 depth-1\"><input type=\"radio\" id=\"wpforms-1609-field_11_2\" name=\"wpforms[fields][11]\" value=\"proposition de profils par la ML\" aria-errormessage=\"wpforms-1609-field_11_2-error\" required ><label class=\"wpforms-field-label-inline\" for=\"wpforms-1609-field_11_2\">proposition de profils par la ML<\/label><\/li><li class=\"choice-3 depth-1\"><input type=\"radio\" id=\"wpforms-1609-field_11_3\" name=\"wpforms[fields][11]\" value=\"stage avant la prise de poste\" aria-errormessage=\"wpforms-1609-field_11_3-error\" required ><label class=\"wpforms-field-label-inline\" for=\"wpforms-1609-field_11_3\">stage avant la prise de poste<\/label><\/li><li class=\"choice-4 depth-1\"><input type=\"radio\" id=\"wpforms-1609-field_11_4\" name=\"wpforms[fields][11]\" value=\"autre\" aria-errormessage=\"wpforms-1609-field_11_4-error\" required ><label class=\"wpforms-field-label-inline\" for=\"wpforms-1609-field_11_4\">autre<\/label><\/li><\/ul><\/fieldset><\/div><div id=\"wpforms-1609-field_12-container\" class=\"wpforms-field wpforms-field-text\" data-field-id=\"12\"><label class=\"wpforms-field-label\" for=\"wpforms-1609-field_12\">Personne \u00e0 contacter pour tout renseignement compl\u00e9mentaire <span class=\"wpforms-required-label\" aria-hidden=\"true\">*<\/span><\/label><input type=\"text\" id=\"wpforms-1609-field_12\" class=\"wpforms-field-medium wpforms-field-required\" name=\"wpforms[fields][12]\" aria-errormessage=\"wpforms-1609-field_12-error\" required><\/div><div id=\"wpforms-1609-field_10-container\" class=\"wpforms-field wpforms-field-text\" data-field-id=\"10\"><label class=\"wpforms-field-label\" for=\"wpforms-1609-field_10\">T\u00e9l\u00e9phone <span class=\"wpforms-required-label\" aria-hidden=\"true\">*<\/span><\/label><input type=\"text\" id=\"wpforms-1609-field_10\" class=\"wpforms-field-medium wpforms-field-required\" name=\"wpforms[fields][10]\" aria-errormessage=\"wpforms-1609-field_10-error\" required><\/div><div id=\"wpforms-1609-field_2-container\" class=\"wpforms-field wpforms-field-email\" data-field-id=\"2\"><label class=\"wpforms-field-label\" for=\"wpforms-1609-field_2\">E-mail <span class=\"wpforms-required-label\" aria-hidden=\"true\">*<\/span><\/label><input type=\"email\" id=\"wpforms-1609-field_2\" class=\"wpforms-field-medium wpforms-field-required\" name=\"wpforms[fields][2]\" spellcheck=\"false\" aria-errormessage=\"wpforms-1609-field_2-error\" required><\/div><div id=\"wpforms-1609-field_3-container\" class=\"wpforms-field wpforms-field-textarea\" data-field-id=\"3\"><label class=\"wpforms-field-label\" for=\"wpforms-1609-field_3\">Des pr\u00e9cisions ? <\/label><textarea id=\"wpforms-1609-field_3\" class=\"wpforms-field-medium\" name=\"wpforms[fields][3]\" aria-errormessage=\"wpforms-1609-field_3-error\" ><\/textarea><\/div><\/div><!-- .wpforms-field-container --><div class=\"wpforms-submit-container\" ><input type=\"hidden\" name=\"wpforms[id]\" value=\"1609\"><input type=\"hidden\" name=\"page_title\" value=\"\"><input type=\"hidden\" name=\"page_url\" value=\"https:\/\/missionlocale-chateauroux.org\/index.php\/wp-json\/wp\/v2\/pages\/1596\"><button type=\"submit\" name=\"wpforms[submit]\" id=\"wpforms-submit-1609\" class=\"wpforms-submit\" data-alt-text=\"Envoi...\" data-submit-text=\"Envoyer ma demande\" aria-live=\"assertive\" value=\"wpforms-submit\">Envoyer ma demande<\/button><img loading=\"lazy\" decoding=\"async\" src=\"https:\/\/missionlocale-chateauroux.org\/wp-content\/plugins\/wpforms-lite\/assets\/images\/submit-spin.svg\" class=\"wpforms-submit-spinner\" style=\"display: none;\" width=\"26\" height=\"26\" alt=\"Loading\"><\/div><\/form><\/div>  <!-- .wpforms-container -->\t\t<\/div>\n\t\t\t\t<\/div>\n\t\t\t\t\t<\/div>\n\t\t\t\t<\/div>\n\t\t<div class=\"elementor-element elementor-element-7de5c423 e-flex e-con-boxed e-con e-parent\" data-id=\"7de5c423\" data-element_type=\"container\">\n\t\t\t\t\t<div class=\"e-con-inner\">\n\t\t\t\t<div class=\"elementor-element elementor-element-663f319c elementor-align-center elementor-widget elementor-widget-button\" data-id=\"663f319c\" data-element_type=\"widget\" data-widget_type=\"button.default\">\n\t\t\t\t<div class=\"elementor-widget-container\">\n\t\t\t\t\t\t\t<div class=\"elementor-button-wrapper\">\n\t\t\t\t\t<a class=\"elementor-button elementor-button-link elementor-size-sm\" href=\"https:\/\/missionlocale-chateauroux.org\/index.php\/les-entreprises\/\">\n\t\t\t\t\t\t<span class=\"elementor-button-content-wrapper\">\n\t\t\t\t\t\t<span class=\"elementor-button-icon\">\n\t\t\t\t<svg aria-hidden=\"true\" class=\"e-font-icon-svg e-fas-undo\" viewBox=\"0 0 512 512\" xmlns=\"http:\/\/www.w3.org\/2000\/svg\"><path d=\"M212.333 224.333H12c-6.627 0-12-5.373-12-12V12C0 5.373 5.373 0 12 0h48c6.627 0 12 5.373 12 12v78.112C117.773 39.279 184.26 7.47 258.175 8.007c136.906.994 246.448 111.623 246.157 248.532C504.041 393.258 393.12 504 256.333 504c-64.089 0-122.496-24.313-166.51-64.215-5.099-4.622-5.334-12.554-.467-17.42l33.967-33.967c4.474-4.474 11.662-4.717 16.401-.525C170.76 415.336 211.58 432 256.333 432c97.268 0 176-78.716 176-176 0-97.267-78.716-176-176-176-58.496 0-110.28 28.476-142.274 72.333h98.274c6.627 0 12 5.373 12 12v48c0 6.627-5.373 12-12 12z\"><\/path><\/svg>\t\t\t<\/span>\n\t\t\t\t\t\t\t\t\t<span class=\"elementor-button-text\">Retour Page Les Entreprises<\/span>\n\t\t\t\t\t<\/span>\n\t\t\t\t\t<\/a>\n\t\t\t\t<\/div>\n\t\t\t\t\t\t<\/div>\n\t\t\t\t<\/div>\n\t\t\t\t\t<\/div>\n\t\t\t\t<\/div>\n\t\t\t\t<\/div>\n\t\t","protected":false},"excerpt":{"rendered":"<p>Accompagner les jeunes vers l&#8217;emploi en organisant des Op\u00e9rations de recrutement sous diff\u00e9rentes formes (jobs dating,\u00a0\u00a0forums, etc\u2026) La Mission Locale propose toute l\u2019ann\u00e9e des op\u00e9rations de recrutements chez des employeurs, dans les galeries commerciales des grandes surfaces, \u00e0 la Mission locale ou dans le cadre de forums ou salons qu\u2019elle organise. Cliquez ici pour d\u00e9couvrir [&hellip;]<\/p>\n","protected":false},"author":1,"featured_media":0,"parent":0,"menu_order":0,"comment_status":"closed","ping_status":"closed","template":"elementor_header_footer","meta":{"_monsterinsights_skip_tracking":false,"_monsterinsights_sitenote_active":false,"_monsterinsights_sitenote_note":"","_monsterinsights_sitenote_category":0,"footnotes":""},"class_list":["post-1596","page","type-page","status-publish","hentry"],"aioseo_notices":[],"_links":{"self":[{"href":"https:\/\/missionlocale-chateauroux.org\/index.php\/wp-json\/wp\/v2\/pages\/1596","targetHints":{"allow":["GET"]}}],"collection":[{"href":"https:\/\/missionlocale-chateauroux.org\/index.php\/wp-json\/wp\/v2\/pages"}],"about":[{"href":"https:\/\/missionlocale-chateauroux.org\/index.php\/wp-json\/wp\/v2\/types\/page"}],"author":[{"embeddable":true,"href":"https:\/\/missionlocale-chateauroux.org\/index.php\/wp-json\/wp\/v2\/users\/1"}],"replies":[{"embeddable":true,"href":"https:\/\/missionlocale-chateauroux.org\/index.php\/wp-json\/wp\/v2\/comments?post=1596"}],"version-history":[{"count":10,"href":"https:\/\/missionlocale-chateauroux.org\/index.php\/wp-json\/wp\/v2\/pages\/1596\/revisions"}],"predecessor-version":[{"id":1615,"href":"https:\/\/missionlocale-chateauroux.org\/index.php\/wp-json\/wp\/v2\/pages\/1596\/revisions\/1615"}],"wp:attachment":[{"href":"https:\/\/missionlocale-chateauroux.org\/index.php\/wp-json\/wp\/v2\/media?parent=1596"}],"curies":[{"name":"wp","href":"https:\/\/api.w.org\/{rel}","templated":true}]}}